{"id":2,"date":"2014-11-21T04:51:49","date_gmt":"2014-11-21T04:51:49","guid":{"rendered":"http:\/\/localhost\/wordpress-4.0.1\/wordpress\/?page_id=2"},"modified":"2024-05-15T18:08:59","modified_gmt":"2024-05-15T18:08:59","slug":"sample-page","status":"publish","type":"page","link":"https:\/\/bernardoerlich.com\/?page_id=2","title":{"rendered":"Qui\u00e9n es Erlich"},"content":{"rendered":"<p>Dise\u00f1ador y humorista gr\u00e1fico. Su trabajo ha sido\u00a0publicado en medios y editoriales locales e internacionales.<\/p>\n<div><\/div>\n<p><!--more--><\/p>\n<div><span style=\"font-size: revert;\">Licenciado en Artes Pl\u00e1sticas (Universidad Nacional de Tucum\u00e1n), e<\/span><span style=\"font-size: revert;\">jerce la docencia como profesor en la Licenciatura en Dise\u00f1o Gr\u00e1fico de la Universidad del Norte Santo Tom\u00e1s de Aquino.<\/span><\/div>\n<div>\n<div>\n<div>\n<p>En 1990 gan\u00f3 el premio recomendaci\u00f3n en la Bienal Coca Cola en las Artes y en las Ciencias, con jurado compuesto por Quino, Caloi y Jorge Guinzburg.<\/p>\n<div>\n<div>\n<p>Ha publicado material gr\u00e1fico y escrito en el semanario La Semana de Tucum\u00e1n, en el diario El Tribuno de Tucum\u00e1n, suplemento S\u00e1tira\/12 del diario P\u00e1gina\/12, as\u00ed como tambi\u00e9n ha integrado muestras individuales y colectivas nacionales e internacionales junto a S\u00e1bat, Rep, Garaycochea y Sendra (Argentina); Bonil, Vilma Vargas, Pancho Cajas, Asdr\u00fabal de la Torre y Roque Maldonado (Ecuador); Dar\u00edo Castillejos (M\u00e9xico); Pedro X. Molina (Nicaragua); Daryl Cagle (Estados Unidos); Caco Galhardo (Brasil); Guy Badeaux (Canad\u00e1); Thomas Plassman (Alemania); Bernardo Vergara y Manel Fontdevila (Espa\u00f1a); Constantinos Papamijal\u00f3pulos, Mijalis Dialin\u00e1s y Petros Jrist\u00falias (Grecia), entre otros.<\/p>\n<div>\n<div>\n<p>En internet ilustr\u00f3 el blog M\u00e1s respeto que soy tu madre, elegido por la Deutsche Welle como Mejor Weblog del Mundo 2006,, al igual que las ediciones en libro en Espa\u00f1a y Argentina de la misma obra.<\/p>\n<div>\n<div>\n<p>Ha ilustrado en Espa\u00f1a libros infantiles para Editorial A Fortiori: Ana y los patos; El color de mi familia y Mi amigo Grvs, el de las verdes colinas; estos dos \u00faltimos, adem\u00e1s, de su autor\u00eda.<\/p>\n<div>\n<div>\n<p>Ha publicado tambi\u00e9n en la revista Orsai.<\/p>\n<div>\n<div>\n<p>Junto a Carolina Aguirre y Pablo P\u00e9rez Correa public\u00f3 en 2014 El Libro de la Chica Sabrina.<\/p>\n<div>\n<div>\n<p>Desde 2007 hasta 2014 public\u00f3 una vi\u00f1eta diaria en el diario El Pa\u00eds de Espa\u00f1a.<\/p>\n<div>\n<div>\n<p>Actualmente publica la tira diaria Tira y Afloja en la contratapa de Clar\u00edn, y colabora con la revista semanal VIVA, del mismo diario.<\/p>\n<\/div>\n<\/div>\n<\/div>\n<\/div>\n<\/div>\n<\/div>\n<\/div>\n<\/div>\n<\/div>\n<\/div>\n<\/div>\n<\/div>\n<\/div>\n<\/div>\n<\/div>\n<\/div>\n<\/div>\n","protected":false},"excerpt":{"rendered":"<p>Bernardo Erlich (Tucum\u00e1n, 1963) es dise\u00f1ador y humorista gr\u00e1fico. Vive y se desempe\u00f1a en Tucum\u00e1n, donde adem\u00e1s ejerce la docencia como profesor en la Licenciatura en Dise\u00f1o Gr\u00e1fico de la Universidad del Norte Santo Tom\u00e1s de Aquino.<\/p>\n<p>En 1990 gan\u00f3 el premio recomendaci\u00f3n en la Bienal Coca Cola en las Artes y en las Ciencias, con jurado compuesto por Quino, Caloi y Jorge Guinzburg.<\/p>\n","protected":false},"author":4,"featured_media":23,"parent":0,"menu_order":9,"comment_status":"closed","ping_status":"closed","template":"","meta":[],"_links":{"self":[{"href":"https:\/\/bernardoerlich.com\/index.php?rest_route=\/wp\/v2\/pages\/2"}],"collection":[{"href":"https:\/\/bernardoerlich.com\/index.php?rest_route=\/wp\/v2\/pages"}],"about":[{"href":"https:\/\/bernardoerlich.com\/index.php?rest_route=\/wp\/v2\/types\/page"}],"author":[{"embeddable":true,"href":"https:\/\/bernardoerlich.com\/index.php?rest_route=\/wp\/v2\/users\/4"}],"replies":[{"embeddable":true,"href":"https:\/\/bernardoerlich.com\/index.php?rest_route=%2Fwp%2Fv2%2Fcomments&post=2"}],"version-history":[{"count":3,"href":"https:\/\/bernardoerlich.com\/index.php?rest_route=\/wp\/v2\/pages\/2\/revisions"}],"predecessor-version":[{"id":23863,"href":"https:\/\/bernardoerlich.com\/index.php?rest_route=\/wp\/v2\/pages\/2\/revisions\/23863"}],"wp:featuredmedia":[{"embeddable":true,"href":"https:\/\/bernardoerlich.com\/index.php?rest_route=\/wp\/v2\/media\/23"}],"wp:attachment":[{"href":"https:\/\/bernardoerlich.com\/index.php?rest_route=%2Fwp%2Fv2%2Fmedia&parent=2"}],"curies":[{"name":"wp","href":"https:\/\/api.w.org\/{rel}","templated":true}]}}